{"id":9,"date":"2022-03-02T08:24:19","date_gmt":"2022-03-02T08:24:19","guid":{"rendered":"https:\/\/movinguy.weavers-web.com\/?page_id=9"},"modified":"2023-06-06T20:18:20","modified_gmt":"2023-06-06T20:18:20","slug":"home","status":"publish","type":"page","link":"https:\/\/movinguy.com\/de\/","title":{"rendered":"Home"},"content":{"rendered":"<h5 class=\"mt-4\">5 Sterne bei \u00fcber 300 Bewertungen auf verschiedenen Plattformen sagen viel aus!<\/h5>\n<p class=\"paragraph\">Mit \u00fcber <strong>2.200<\/strong> abgeschlossenen Auftr\u00e4gen, <strong>+ 25.000 Kubikmeter<\/strong> bewegten G\u00fctern und mehr als <strong>250.000<\/strong> gefahrenen Kilometern in Berlin und Europa, haben wir ein starkes und hochqualifiziertes Personal ausgebildet, das alle Arten von Auftr\u00e4gen bew\u00e4ltigen kann, sei es der Transport einer Waschmaschine von Neuk\u00f6lln nach Friedrichshain oder der Umzug eines 3-st\u00f6ckigen Hauses von Berlin nach Malta, <strong>WIR MACHEN ALLES!<\/strong><\/p>","protected":false},"excerpt":{"rendered":"<p>5 Stars From Over 300 Reviews In Different Platforms Says A Lot! with over 2.200 completed jobs, + 25.000m3 of moved goods and more than 250.000 driven kilometres in Berlin and Europe, we have developed a strong and highly trained personnel that can handle all kind of jobs, whether moving a washing machine from Neuk\u00f6lln [&hellip;]<\/p>","protected":false},"author":1,"featured_media":58,"parent":0,"menu_order":0,"comment_status":"closed","ping_status":"closed","template":"","meta":{"_acf_changed":false,"footnotes":""},"class_list":["post-9","page","type-page","status-publish","has-post-thumbnail","hentry"],"acf":[],"yoast_head":"<!-- This site is optimized with the Yoast SEO plugin v27.6 - https:\/\/yoast.com\/product\/yoast-seo-wordpress\/ -->\n<title>Moving Company, Movers, Packers, Transport Services In Germany, Berlin | Movinguy<\/title>\n<meta name=\"description\" content=\"We are a professional moving company in Berlin, Germany offering you hassle-free removal services. Our reviews say it all. Book Now!\" \/>\n<meta name=\"robots\" content=\"index, follow, max-snippet:-1, max-image-preview:large, max-video-preview:-1\" \/>\n<link rel=\"canonical\" href=\"https:\/\/movinguy.com\/de\/\" \/>\n<meta property=\"og:locale\" content=\"de_DE\" \/>\n<meta property=\"og:type\" content=\"article\" \/>\n<meta property=\"og:title\" content=\"Moving Company, Movers, Packers, Transport Services In Germany, Berlin | Movinguy\" \/>\n<meta property=\"og:description\" content=\"We are a professional moving company in Berlin, Germany offering you hassle-free removal services. Our reviews say it all. Book Now!\" \/>\n<meta property=\"og:url\" content=\"https:\/\/movinguy.com\/de\/\" \/>\n<meta property=\"og:site_name\" content=\"Real Movers not Moving Agents\" \/>\n<meta property=\"article:modified_time\" content=\"2023-06-06T20:18:20+00:00\" \/>\n<meta property=\"og:image\" content=\"https:\/\/movinguy.com\/wp-content\/uploads\/2022\/03\/places.png\" \/>\n\t<meta property=\"og:image:width\" content=\"707\" \/>\n\t<meta property=\"og:image:height\" content=\"781\" \/>\n\t<meta property=\"og:image:type\" content=\"image\/png\" \/>\n<meta name=\"twitter:card\" content=\"summary_large_image\" \/>\n<meta name=\"twitter:label1\" content=\"Gesch\u00e4tzte Lesezeit\" \/>\n\t<meta name=\"twitter:data1\" content=\"1\u00a0Minute\" \/>\n<script type=\"application\/ld+json\" class=\"yoast-schema-graph\">{\"@context\":\"https:\\\/\\\/schema.org\",\"@graph\":[{\"@type\":\"WebPage\",\"@id\":\"https:\\\/\\\/movinguy.com\\\/\",\"url\":\"https:\\\/\\\/movinguy.com\\\/\",\"name\":\"Moving Company, Movers, Packers, Transport Services In Germany, Berlin | Movinguy\",\"isPartOf\":{\"@id\":\"https:\\\/\\\/movinguy.com\\\/#website\"},\"primaryImageOfPage\":{\"@id\":\"https:\\\/\\\/movinguy.com\\\/#primaryimage\"},\"image\":{\"@id\":\"https:\\\/\\\/movinguy.com\\\/#primaryimage\"},\"thumbnailUrl\":\"https:\\\/\\\/movinguy.com\\\/wp-content\\\/uploads\\\/2022\\\/03\\\/places.png\",\"datePublished\":\"2022-03-02T08:24:19+00:00\",\"dateModified\":\"2023-06-06T20:18:20+00:00\",\"description\":\"We are a professional moving company in Berlin, Germany offering you hassle-free removal services. Our reviews say it all. Book Now!\",\"breadcrumb\":{\"@id\":\"https:\\\/\\\/movinguy.com\\\/#breadcrumb\"},\"inLanguage\":\"de\",\"potentialAction\":[{\"@type\":\"ReadAction\",\"target\":[\"https:\\\/\\\/movinguy.com\\\/\"]}]},{\"@type\":\"ImageObject\",\"inLanguage\":\"de\",\"@id\":\"https:\\\/\\\/movinguy.com\\\/#primaryimage\",\"url\":\"https:\\\/\\\/movinguy.com\\\/wp-content\\\/uploads\\\/2022\\\/03\\\/places.png\",\"contentUrl\":\"https:\\\/\\\/movinguy.com\\\/wp-content\\\/uploads\\\/2022\\\/03\\\/places.png\",\"width\":707,\"height\":781},{\"@type\":\"BreadcrumbList\",\"@id\":\"https:\\\/\\\/movinguy.com\\\/#breadcrumb\",\"itemListElement\":[{\"@type\":\"ListItem\",\"position\":1,\"name\":\"Home\",\"item\":\"https:\\\/\\\/movinguy.com\\\/\"},{\"@type\":\"ListItem\",\"position\":2,\"name\":\"Home\"}]},{\"@type\":\"WebSite\",\"@id\":\"https:\\\/\\\/movinguy.com\\\/#website\",\"url\":\"https:\\\/\\\/movinguy.com\\\/\",\"name\":\"Real Movers not Moving Agents\",\"description\":\"\",\"potentialAction\":[{\"@type\":\"SearchAction\",\"target\":{\"@type\":\"EntryPoint\",\"urlTemplate\":\"https:\\\/\\\/movinguy.com\\\/?s={search_term_string}\"},\"query-input\":{\"@type\":\"PropertyValueSpecification\",\"valueRequired\":true,\"valueName\":\"search_term_string\"}}],\"inLanguage\":\"de\"}]}<\/script>\n<!-- \/ Yoast SEO plugin. -->","yoast_head_json":{"title":"Moving Company, Movers, Packers, Transport Services In Germany, Berlin | Movinguy","description":"We are a professional moving company in Berlin, Germany offering you hassle-free removal services. Our reviews say it all. Book Now!","robots":{"index":"index","follow":"follow","max-snippet":"max-snippet:-1","max-image-preview":"max-image-preview:large","max-video-preview":"max-video-preview:-1"},"canonical":"https:\/\/movinguy.com\/de\/","og_locale":"de_DE","og_type":"article","og_title":"Moving Company, Movers, Packers, Transport Services In Germany, Berlin | Movinguy","og_description":"We are a professional moving company in Berlin, Germany offering you hassle-free removal services. Our reviews say it all. Book Now!","og_url":"https:\/\/movinguy.com\/de\/","og_site_name":"Real Movers not Moving Agents","article_modified_time":"2023-06-06T20:18:20+00:00","og_image":[{"width":707,"height":781,"url":"https:\/\/movinguy.com\/wp-content\/uploads\/2022\/03\/places.png","type":"image\/png"}],"twitter_card":"summary_large_image","twitter_misc":{"Gesch\u00e4tzte Lesezeit":"1\u00a0Minute"},"schema":{"@context":"https:\/\/schema.org","@graph":[{"@type":"WebPage","@id":"https:\/\/movinguy.com\/","url":"https:\/\/movinguy.com\/","name":"Moving Company, Movers, Packers, Transport Services In Germany, Berlin | Movinguy","isPartOf":{"@id":"https:\/\/movinguy.com\/#website"},"primaryImageOfPage":{"@id":"https:\/\/movinguy.com\/#primaryimage"},"image":{"@id":"https:\/\/movinguy.com\/#primaryimage"},"thumbnailUrl":"https:\/\/movinguy.com\/wp-content\/uploads\/2022\/03\/places.png","datePublished":"2022-03-02T08:24:19+00:00","dateModified":"2023-06-06T20:18:20+00:00","description":"We are a professional moving company in Berlin, Germany offering you hassle-free removal services. Our reviews say it all. Book Now!","breadcrumb":{"@id":"https:\/\/movinguy.com\/#breadcrumb"},"inLanguage":"de","potentialAction":[{"@type":"ReadAction","target":["https:\/\/movinguy.com\/"]}]},{"@type":"ImageObject","inLanguage":"de","@id":"https:\/\/movinguy.com\/#primaryimage","url":"https:\/\/movinguy.com\/wp-content\/uploads\/2022\/03\/places.png","contentUrl":"https:\/\/movinguy.com\/wp-content\/uploads\/2022\/03\/places.png","width":707,"height":781},{"@type":"BreadcrumbList","@id":"https:\/\/movinguy.com\/#breadcrumb","itemListElement":[{"@type":"ListItem","position":1,"name":"Home","item":"https:\/\/movinguy.com\/"},{"@type":"ListItem","position":2,"name":"Home"}]},{"@type":"WebSite","@id":"https:\/\/movinguy.com\/#website","url":"https:\/\/movinguy.com\/","name":"Real Movers not Moving Agents","description":"","potentialAction":[{"@type":"SearchAction","target":{"@type":"EntryPoint","urlTemplate":"https:\/\/movinguy.com\/?s={search_term_string}"},"query-input":{"@type":"PropertyValueSpecification","valueRequired":true,"valueName":"search_term_string"}}],"inLanguage":"de"}]}},"_links":{"self":[{"href":"https:\/\/movinguy.com\/de\/wp-json\/wp\/v2\/pages\/9","targetHints":{"allow":["GET"]}}],"collection":[{"href":"https:\/\/movinguy.com\/de\/wp-json\/wp\/v2\/pages"}],"about":[{"href":"https:\/\/movinguy.com\/de\/wp-json\/wp\/v2\/types\/page"}],"author":[{"embeddable":true,"href":"https:\/\/movinguy.com\/de\/wp-json\/wp\/v2\/users\/1"}],"replies":[{"embeddable":true,"href":"https:\/\/movinguy.com\/de\/wp-json\/wp\/v2\/comments?post=9"}],"version-history":[{"count":34,"href":"https:\/\/movinguy.com\/de\/wp-json\/wp\/v2\/pages\/9\/revisions"}],"predecessor-version":[{"id":583,"href":"https:\/\/movinguy.com\/de\/wp-json\/wp\/v2\/pages\/9\/revisions\/583"}],"wp:featuredmedia":[{"embeddable":true,"href":"https:\/\/movinguy.com\/de\/wp-json\/wp\/v2\/media\/58"}],"wp:attachment":[{"href":"https:\/\/movinguy.com\/de\/wp-json\/wp\/v2\/media?parent=9"}],"curies":[{"name":"wp","href":"https:\/\/api.w.org\/{rel}","templated":true}]}}